{"id":29,"date":"2015-05-30T08:27:32","date_gmt":"2015-05-30T08:27:32","guid":{"rendered":"http:\/\/www.erasmusroomsporto.com\/quartosparaestudantes\/?page_id=29"},"modified":"2025-01-05T14:01:49","modified_gmt":"2025-01-05T14:01:49","slug":"precos-dos-quartos-de-estudante-na-casa-nazdrowia","status":"publish","type":"page","link":"https:\/\/www.erasmusroomsporto.com\/quartosparaestudantes\/precos-dos-quartos-de-estudante-na-casa-nazdrowia\/","title":{"rendered":"Pre\u00e7os dos Quartos de Estudante na Casa Nazdrowia"},"content":{"rendered":"<figure id=\"attachment_421\" aria-describedby=\"caption-attachment-421\" style=\"width: 750px\" class=\"wp-caption aligncenter\"><img data-recalc-dims=\"1\" loading=\"lazy\" decoding=\"async\" class=\"size-full wp-image-421\" src=\"https:\/\/i0.wp.com\/www.erasmusroomsporto.com\/wp-content\/uploads\/2014\/02\/thinkNazdrowia.png?resize=750%2C292\" alt=\"Erasmus Rooms Porto\" width=\"750\" height=\"292\" \/><figcaption id=\"caption-attachment-421\" class=\"wp-caption-text\">RESERVE O SEU QUARTO! PRE\u00c7O DE ESTUDANTE!<\/figcaption><\/figure>\n<p><strong>Quais s\u00e3o os Pre\u00e7os dos quartos duplos ou quarto single na Casa Nazdrowia no Porto?<\/strong><\/p>\n<h5>Os Pre\u00e7os dos quartos de estudante na Casa Nazdrowia no Porto come\u00e7am nos 195 Euros\/m\u00eas!(*)<\/h5>\n<p>Nos quartos duplos o pre\u00e7o come\u00e7a nos 195 Euros\/m\u00eas (*)<\/p>\n<p>(*) &#8211; Todas as despesas est\u00e3o inclu\u00eddas na renda mensal. Isso quer dizer que no pre\u00e7o da mensalidade est\u00e1 inclu\u00eddo a \u00e1gua, luz, eletricidade, internet, etc.<\/p>\n<h3>Como eu posso reservar o meu quarto na Casa de Estudantes\u00a0 Nazdrowia no Porto agora?<\/h3>\n<p>N\u00e3o poderia ser mais <span style=\"text-decoration: underline;\">f\u00e1cil, simples e r\u00e1pido reservar seu quarto aqui<\/span> na Casa Nazdrowia no Porto! V\u00e1 agora \u00e0 nossa p\u00e1gina de <a href=\"https:\/\/www.erasmusroomsporto.com\/quartosparaestudantes\/contacto-quartos-para-estudantes-porto\/\" target=\"_blank\" rel=\"noopener noreferrer\">contacto (clique aqui) <\/a>e envie um email a dizer quais s\u00e3o as datas que pretende reservar o seu quarto, n\u00f3s iremos verificar para voc\u00ea imediatamente a disponibilidade de quartos e enviamos<\/p>\n<p>para si os procedimentos necess\u00e1rios para reservar o seu quarto de estudante na Casa Nazdrowia no Porto e de seguida confirmamos a reserva para si.<\/p>\n\n\n<p><\/p>\n\n\n\n<p><\/p>\n\n\n\n<p><\/p>\n\n\n\n<p><\/p>\n","protected":false},"excerpt":{"rendered":"<p>Quais s\u00e3o os Pre\u00e7os dos quartos duplos ou quarto single na Casa Nazdrowia no Porto? Os Pre\u00e7os dos quartos de estudante na Casa Nazdrowia no Porto come\u00e7am nos 195 Euros\/m\u00eas!(*) Nos quartos duplos o pre\u00e7o come\u00e7a nos 195 Euros\/m\u00eas (*) (*) &#8211; Todas as despesas est\u00e3o inclu\u00eddas na renda mensal. Isso quer dizer que no&hellip; <a class=\"more-link\" href=\"https:\/\/www.erasmusroomsporto.com\/quartosparaestudantes\/precos-dos-quartos-de-estudante-na-casa-nazdrowia\/\">Continuar lendo <span class=\"screen-reader-text\">Pre\u00e7os dos Quartos de Estudante na Casa Nazdrowia<\/span><\/a><\/p>\n","protected":false},"author":1,"featured_media":0,"parent":0,"menu_order":0,"comment_status":"closed","ping_status":"closed","template":"","meta":{"jetpack_post_was_ever_published":false,"footnotes":""},"class_list":["post-29","page","type-page","status-publish","hentry","entry"],"yoast_head":"<!-- This site is optimized with the Yoast SEO plugin v27.5 - https:\/\/yoast.com\/product\/yoast-seo-wordpress\/ -->\n<title>Pre\u00e7os dos Quartos de Estudante na Casa Nazdrowia - Quartos Estudantes Porto<\/title>\n<meta name=\"description\" content=\"Os Pre\u00e7os dos quartos de estudante na Casa Nazdrowia no Porto...Todas as despesas est\u00e3o inclu\u00eddas na renda mensal. Pre\u00e7os dos Quartos de Estudante Porto\" \/>\n<meta name=\"robots\" content=\"index, follow, max-snippet:-1, max-image-preview:large, max-video-preview:-1\" \/>\n<link rel=\"canonical\" href=\"https:\/\/www.erasmusroomsporto.com\/quartosparaestudantes\/precos-dos-quartos-de-estudante-na-casa-nazdrowia\/\" \/>\n<meta name=\"twitter:card\" content=\"summary_large_image\" \/>\n<meta name=\"twitter:title\" content=\"Pre\u00e7os dos Quartos de Estudante na Casa Nazdrowia - Quartos Estudantes Porto\" \/>\n<meta name=\"twitter:description\" content=\"Os Pre\u00e7os dos quartos de estudante na Casa Nazdrowia no Porto...Todas as despesas est\u00e3o inclu\u00eddas na renda mensal. Pre\u00e7os dos Quartos de Estudante Porto\" \/>\n<meta name=\"twitter:image\" content=\"http:\/\/www.erasmusroomsporto.com\/wp-content\/uploads\/2014\/02\/thinkNazdrowia.png\" \/>\n<script type=\"application\/ld+json\" class=\"yoast-schema-graph\">{\"@context\":\"https:\\\/\\\/schema.org\",\"@graph\":[{\"@type\":\"WebPage\",\"@id\":\"https:\\\/\\\/www.erasmusroomsporto.com\\\/quartosparaestudantes\\\/precos-dos-quartos-de-estudante-na-casa-nazdrowia\\\/\",\"url\":\"https:\\\/\\\/www.erasmusroomsporto.com\\\/quartosparaestudantes\\\/precos-dos-quartos-de-estudante-na-casa-nazdrowia\\\/\",\"name\":\"Pre\u00e7os dos Quartos de Estudante na Casa Nazdrowia - Quartos Estudantes Porto\",\"isPartOf\":{\"@id\":\"https:\\\/\\\/www.erasmusroomsporto.com\\\/quartosparaestudantes\\\/#website\"},\"primaryImageOfPage\":{\"@id\":\"https:\\\/\\\/www.erasmusroomsporto.com\\\/quartosparaestudantes\\\/precos-dos-quartos-de-estudante-na-casa-nazdrowia\\\/#primaryimage\"},\"image\":{\"@id\":\"https:\\\/\\\/www.erasmusroomsporto.com\\\/quartosparaestudantes\\\/precos-dos-quartos-de-estudante-na-casa-nazdrowia\\\/#primaryimage\"},\"thumbnailUrl\":\"http:\\\/\\\/www.erasmusroomsporto.com\\\/wp-content\\\/uploads\\\/2014\\\/02\\\/thinkNazdrowia.png\",\"datePublished\":\"2015-05-30T08:27:32+00:00\",\"dateModified\":\"2025-01-05T14:01:49+00:00\",\"description\":\"Os Pre\u00e7os dos quartos de estudante na Casa Nazdrowia no Porto...Todas as despesas est\u00e3o inclu\u00eddas na renda mensal. Pre\u00e7os dos Quartos de Estudante Porto\",\"breadcrumb\":{\"@id\":\"https:\\\/\\\/www.erasmusroomsporto.com\\\/quartosparaestudantes\\\/precos-dos-quartos-de-estudante-na-casa-nazdrowia\\\/#breadcrumb\"},\"inLanguage\":\"pt-BR\",\"potentialAction\":[{\"@type\":\"ReadAction\",\"target\":[\"https:\\\/\\\/www.erasmusroomsporto.com\\\/quartosparaestudantes\\\/precos-dos-quartos-de-estudante-na-casa-nazdrowia\\\/\"]}]},{\"@type\":\"ImageObject\",\"inLanguage\":\"pt-BR\",\"@id\":\"https:\\\/\\\/www.erasmusroomsporto.com\\\/quartosparaestudantes\\\/precos-dos-quartos-de-estudante-na-casa-nazdrowia\\\/#primaryimage\",\"url\":\"http:\\\/\\\/www.erasmusroomsporto.com\\\/wp-content\\\/uploads\\\/2014\\\/02\\\/thinkNazdrowia.png\",\"contentUrl\":\"http:\\\/\\\/www.erasmusroomsporto.com\\\/wp-content\\\/uploads\\\/2014\\\/02\\\/thinkNazdrowia.png\"},{\"@type\":\"BreadcrumbList\",\"@id\":\"https:\\\/\\\/www.erasmusroomsporto.com\\\/quartosparaestudantes\\\/precos-dos-quartos-de-estudante-na-casa-nazdrowia\\\/#breadcrumb\",\"itemListElement\":[{\"@type\":\"ListItem\",\"position\":1,\"name\":\"Home\",\"item\":\"https:\\\/\\\/www.erasmusroomsporto.com\\\/quartosparaestudantes\\\/\"},{\"@type\":\"ListItem\",\"position\":2,\"name\":\"Pre\u00e7os dos Quartos de Estudante na Casa Nazdrowia\"}]},{\"@type\":\"WebSite\",\"@id\":\"https:\\\/\\\/www.erasmusroomsporto.com\\\/quartosparaestudantes\\\/#website\",\"url\":\"https:\\\/\\\/www.erasmusroomsporto.com\\\/quartosparaestudantes\\\/\",\"name\":\"Quartos Estudantes Porto\",\"description\":\"Casa Nazdrowia | O seu quarto favorito para Estudante no Porto\",\"publisher\":{\"@id\":\"https:\\\/\\\/www.erasmusroomsporto.com\\\/quartosparaestudantes\\\/#organization\"},\"potentialAction\":[{\"@type\":\"SearchAction\",\"target\":{\"@type\":\"EntryPoint\",\"urlTemplate\":\"https:\\\/\\\/www.erasmusroomsporto.com\\\/quartosparaestudantes\\\/?s={search_term_string}\"},\"query-input\":{\"@type\":\"PropertyValueSpecification\",\"valueRequired\":true,\"valueName\":\"search_term_string\"}}],\"inLanguage\":\"pt-BR\"},{\"@type\":\"Organization\",\"@id\":\"https:\\\/\\\/www.erasmusroomsporto.com\\\/quartosparaestudantes\\\/#organization\",\"name\":\"Casa Nazdrowia\",\"url\":\"https:\\\/\\\/www.erasmusroomsporto.com\\\/quartosparaestudantes\\\/\",\"logo\":{\"@type\":\"ImageObject\",\"inLanguage\":\"pt-BR\",\"@id\":\"https:\\\/\\\/www.erasmusroomsporto.com\\\/quartosparaestudantes\\\/#\\\/schema\\\/logo\\\/image\\\/\",\"url\":\"https:\\\/\\\/i0.wp.com\\\/www.erasmusroomsporto.com\\\/quartosparaestudantes\\\/wp-content\\\/uploads\\\/sites\\\/2\\\/2022\\\/12\\\/erasmus-rooms-porto.jpg?fit=260%2C260&ssl=1\",\"contentUrl\":\"https:\\\/\\\/i0.wp.com\\\/www.erasmusroomsporto.com\\\/quartosparaestudantes\\\/wp-content\\\/uploads\\\/sites\\\/2\\\/2022\\\/12\\\/erasmus-rooms-porto.jpg?fit=260%2C260&ssl=1\",\"width\":260,\"height\":260,\"caption\":\"Casa Nazdrowia\"},\"image\":{\"@id\":\"https:\\\/\\\/www.erasmusroomsporto.com\\\/quartosparaestudantes\\\/#\\\/schema\\\/logo\\\/image\\\/\"},\"sameAs\":[\"https:\\\/\\\/www.facebook.com\\\/pages\\\/Nazdrowia-Erasmus-Housing-and-Accommodation-Porto\\\/392954614143280\"]}]}<\/script>\n<!-- \/ Yoast SEO plugin. -->","yoast_head_json":{"title":"Pre\u00e7os dos Quartos de Estudante na Casa Nazdrowia - Quartos Estudantes Porto","description":"Os Pre\u00e7os dos quartos de estudante na Casa Nazdrowia no Porto...Todas as despesas est\u00e3o inclu\u00eddas na renda mensal. Pre\u00e7os dos Quartos de Estudante Porto","robots":{"index":"index","follow":"follow","max-snippet":"max-snippet:-1","max-image-preview":"max-image-preview:large","max-video-preview":"max-video-preview:-1"},"canonical":"https:\/\/www.erasmusroomsporto.com\/quartosparaestudantes\/precos-dos-quartos-de-estudante-na-casa-nazdrowia\/","twitter_card":"summary_large_image","twitter_title":"Pre\u00e7os dos Quartos de Estudante na Casa Nazdrowia - Quartos Estudantes Porto","twitter_description":"Os Pre\u00e7os dos quartos de estudante na Casa Nazdrowia no Porto...Todas as despesas est\u00e3o inclu\u00eddas na renda mensal. Pre\u00e7os dos Quartos de Estudante Porto","twitter_image":"http:\/\/www.erasmusroomsporto.com\/wp-content\/uploads\/2014\/02\/thinkNazdrowia.png","schema":{"@context":"https:\/\/schema.org","@graph":[{"@type":"WebPage","@id":"https:\/\/www.erasmusroomsporto.com\/quartosparaestudantes\/precos-dos-quartos-de-estudante-na-casa-nazdrowia\/","url":"https:\/\/www.erasmusroomsporto.com\/quartosparaestudantes\/precos-dos-quartos-de-estudante-na-casa-nazdrowia\/","name":"Pre\u00e7os dos Quartos de Estudante na Casa Nazdrowia - Quartos Estudantes Porto","isPartOf":{"@id":"https:\/\/www.erasmusroomsporto.com\/quartosparaestudantes\/#website"},"primaryImageOfPage":{"@id":"https:\/\/www.erasmusroomsporto.com\/quartosparaestudantes\/precos-dos-quartos-de-estudante-na-casa-nazdrowia\/#primaryimage"},"image":{"@id":"https:\/\/www.erasmusroomsporto.com\/quartosparaestudantes\/precos-dos-quartos-de-estudante-na-casa-nazdrowia\/#primaryimage"},"thumbnailUrl":"http:\/\/www.erasmusroomsporto.com\/wp-content\/uploads\/2014\/02\/thinkNazdrowia.png","datePublished":"2015-05-30T08:27:32+00:00","dateModified":"2025-01-05T14:01:49+00:00","description":"Os Pre\u00e7os dos quartos de estudante na Casa Nazdrowia no Porto...Todas as despesas est\u00e3o inclu\u00eddas na renda mensal. Pre\u00e7os dos Quartos de Estudante Porto","breadcrumb":{"@id":"https:\/\/www.erasmusroomsporto.com\/quartosparaestudantes\/precos-dos-quartos-de-estudante-na-casa-nazdrowia\/#breadcrumb"},"inLanguage":"pt-BR","potentialAction":[{"@type":"ReadAction","target":["https:\/\/www.erasmusroomsporto.com\/quartosparaestudantes\/precos-dos-quartos-de-estudante-na-casa-nazdrowia\/"]}]},{"@type":"ImageObject","inLanguage":"pt-BR","@id":"https:\/\/www.erasmusroomsporto.com\/quartosparaestudantes\/precos-dos-quartos-de-estudante-na-casa-nazdrowia\/#primaryimage","url":"http:\/\/www.erasmusroomsporto.com\/wp-content\/uploads\/2014\/02\/thinkNazdrowia.png","contentUrl":"http:\/\/www.erasmusroomsporto.com\/wp-content\/uploads\/2014\/02\/thinkNazdrowia.png"},{"@type":"BreadcrumbList","@id":"https:\/\/www.erasmusroomsporto.com\/quartosparaestudantes\/precos-dos-quartos-de-estudante-na-casa-nazdrowia\/#breadcrumb","itemListElement":[{"@type":"ListItem","position":1,"name":"Home","item":"https:\/\/www.erasmusroomsporto.com\/quartosparaestudantes\/"},{"@type":"ListItem","position":2,"name":"Pre\u00e7os dos Quartos de Estudante na Casa Nazdrowia"}]},{"@type":"WebSite","@id":"https:\/\/www.erasmusroomsporto.com\/quartosparaestudantes\/#website","url":"https:\/\/www.erasmusroomsporto.com\/quartosparaestudantes\/","name":"Quartos Estudantes Porto","description":"Casa Nazdrowia | O seu quarto favorito para Estudante no Porto","publisher":{"@id":"https:\/\/www.erasmusroomsporto.com\/quartosparaestudantes\/#organization"},"potentialAction":[{"@type":"SearchAction","target":{"@type":"EntryPoint","urlTemplate":"https:\/\/www.erasmusroomsporto.com\/quartosparaestudantes\/?s={search_term_string}"},"query-input":{"@type":"PropertyValueSpecification","valueRequired":true,"valueName":"search_term_string"}}],"inLanguage":"pt-BR"},{"@type":"Organization","@id":"https:\/\/www.erasmusroomsporto.com\/quartosparaestudantes\/#organization","name":"Casa Nazdrowia","url":"https:\/\/www.erasmusroomsporto.com\/quartosparaestudantes\/","logo":{"@type":"ImageObject","inLanguage":"pt-BR","@id":"https:\/\/www.erasmusroomsporto.com\/quartosparaestudantes\/#\/schema\/logo\/image\/","url":"https:\/\/i0.wp.com\/www.erasmusroomsporto.com\/quartosparaestudantes\/wp-content\/uploads\/sites\/2\/2022\/12\/erasmus-rooms-porto.jpg?fit=260%2C260&ssl=1","contentUrl":"https:\/\/i0.wp.com\/www.erasmusroomsporto.com\/quartosparaestudantes\/wp-content\/uploads\/sites\/2\/2022\/12\/erasmus-rooms-porto.jpg?fit=260%2C260&ssl=1","width":260,"height":260,"caption":"Casa Nazdrowia"},"image":{"@id":"https:\/\/www.erasmusroomsporto.com\/quartosparaestudantes\/#\/schema\/logo\/image\/"},"sameAs":["https:\/\/www.facebook.com\/pages\/Nazdrowia-Erasmus-Housing-and-Accommodation-Porto\/392954614143280"]}]}},"jetpack_sharing_enabled":true,"jetpack_shortlink":"https:\/\/wp.me\/P6JV9y-t","jetpack-related-posts":[],"_links":{"self":[{"href":"https:\/\/www.erasmusroomsporto.com\/quartosparaestudantes\/wp-json\/wp\/v2\/pages\/29","targetHints":{"allow":["GET"]}}],"collection":[{"href":"https:\/\/www.erasmusroomsporto.com\/quartosparaestudantes\/wp-json\/wp\/v2\/pages"}],"about":[{"href":"https:\/\/www.erasmusroomsporto.com\/quartosparaestudantes\/wp-json\/wp\/v2\/types\/page"}],"author":[{"embeddable":true,"href":"https:\/\/www.erasmusroomsporto.com\/quartosparaestudantes\/wp-json\/wp\/v2\/users\/1"}],"replies":[{"embeddable":true,"href":"https:\/\/www.erasmusroomsporto.com\/quartosparaestudantes\/wp-json\/wp\/v2\/comments?post=29"}],"version-history":[{"count":1,"href":"https:\/\/www.erasmusroomsporto.com\/quartosparaestudantes\/wp-json\/wp\/v2\/pages\/29\/revisions"}],"predecessor-version":[{"id":536,"href":"https:\/\/www.erasmusroomsporto.com\/quartosparaestudantes\/wp-json\/wp\/v2\/pages\/29\/revisions\/536"}],"wp:attachment":[{"href":"https:\/\/www.erasmusroomsporto.com\/quartosparaestudantes\/wp-json\/wp\/v2\/media?parent=29"}],"curies":[{"name":"wp","href":"https:\/\/api.w.org\/{rel}","templated":true}]}}