{"id":123,"date":"2015-09-16T10:29:36","date_gmt":"2015-09-16T10:29:36","guid":{"rendered":"http:\/\/www.erasmusroomsporto.com\/quartosparaestudantes\/?page_id=123"},"modified":"2021-12-27T16:42:42","modified_gmt":"2021-12-27T16:42:42","slug":"localizacao","status":"publish","type":"page","link":"https:\/\/www.erasmusroomsporto.com\/quartosparaestudantes\/localizacao\/","title":{"rendered":"Localiza\u00e7\u00e3o"},"content":{"rendered":"\n<p>Veja no mapa a localiza\u00e7\u00e3o da Casa para Estudantes no Porto Nazdrowia.<\/p>\n\n\n\n<div class=\"wp-block-jetpack-map\" data-map-id=\"jp-map-1\" data-map-provider=\"mapbox\" data-api-key=\"pk.eyJ1IjoibW9ubGluZXIiLCJhIjoiY2t2bzc4cjF0MHJ1MTJxanBiZHRqaXR4YyJ9.2RlQgc1XmnlMU6Vns6xTJQ\" data-map-style=\"default\"><ul><li><a href=\"https:\/\/www.google.com\/maps\/search\/?api=1&amp;query=41.182069,-8.612349\">Rua Armando Cardoso<\/a><\/li><\/ul><\/div>\n\n\n\n<p><br><br><br><strong>Contacte-nos para mais informa\u00e7\u00f5es ou reservar o seu quarto hoje!<\/strong><\/p>\n\n\n<div class=\"wpforms-container wpforms-container-full wpforms-block\" id=\"wpforms-360\"><form id=\"wpforms-form-360\" class=\"wpforms-validate wpforms-form wpforms-ajax-form\" data-formid=\"360\" method=\"post\" enctype=\"multipart\/form-data\" action=\"\/quartosparaestudantes\/wp-json\/wp\/v2\/pages\/123\" data-token=\"fdf77bff13f93d3eb92fa1f257dccbc3\" data-token-time=\"1777610490\"><noscript class=\"wpforms-error-noscript\">Ative o JavaScript no seu navegador para preencher este formul\u00e1rio.<\/noscript><div class=\"wpforms-field-container\"><div id=\"wpforms-360-field_1-container\" class=\"wpforms-field wpforms-field-name\" data-field-id=\"1\"><label class=\"wpforms-field-label\">Nome <span class=\"wpforms-required-label\">*<\/span><\/label><div class=\"wpforms-field-row wpforms-field-medium\"><div class=\"wpforms-field-row-block wpforms-first wpforms-one-half\"><input type=\"text\" id=\"wpforms-360-field_1\" class=\"wpforms-field-name-first wpforms-field-required\" name=\"wpforms[fields][1][first]\" required><label for=\"wpforms-360-field_1\" class=\"wpforms-field-sublabel after\">Nome<\/label><\/div><div class=\"wpforms-field-row-block wpforms-one-half\"><input type=\"text\" id=\"wpforms-360-field_1-last\" class=\"wpforms-field-name-last wpforms-field-required\" name=\"wpforms[fields][1][last]\" required><label for=\"wpforms-360-field_1-last\" class=\"wpforms-field-sublabel after\">Sobrenome<\/label><\/div><\/div><\/div><div id=\"wpforms-360-field_2-container\" class=\"wpforms-field wpforms-field-email\" data-field-id=\"2\"><label class=\"wpforms-field-label\" for=\"wpforms-360-field_2\">E-mail <span class=\"wpforms-required-label\">*<\/span><\/label><input type=\"email\" id=\"wpforms-360-field_2\" class=\"wpforms-field-medium wpforms-field-required\" name=\"wpforms[fields][2]\" spellcheck=\"false\" required><\/div><div id=\"wpforms-360-field_3-container\" class=\"wpforms-field wpforms-field-text\" data-field-id=\"3\"><label class=\"wpforms-field-label\" for=\"wpforms-360-field_3\">Mensagem<\/label><input type=\"text\" id=\"wpforms-360-field_3\" class=\"wpforms-field-medium\" name=\"wpforms[fields][3]\" ><\/div><\/div><!-- .wpforms-field-container --><div class=\"wpforms-submit-container\" ><input type=\"hidden\" name=\"wpforms[id]\" value=\"360\"><input type=\"hidden\" name=\"page_title\" value=\"\"><input type=\"hidden\" name=\"page_url\" value=\"https:\/\/www.erasmusroomsporto.com\/quartosparaestudantes\/wp-json\/wp\/v2\/pages\/123\"><input type=\"hidden\" name=\"url_referer\" value=\"\"><button type=\"submit\" name=\"wpforms[submit]\" id=\"wpforms-submit-360\" class=\"wpforms-submit\" data-alt-text=\"Enviando...\" data-submit-text=\"Enviar\" aria-live=\"assertive\" value=\"wpforms-submit\">Enviar<\/button><img loading=\"lazy\" decoding=\"async\" src=\"https:\/\/www.erasmusroomsporto.com\/quartosparaestudantes\/wp-content\/plugins\/wpforms-lite\/assets\/images\/submit-spin.svg\" class=\"wpforms-submit-spinner\" style=\"display: none;\" width=\"26\" height=\"26\" alt=\"Carregando\"><\/div><\/form><\/div>  <!-- .wpforms-container -->","protected":false},"excerpt":{"rendered":"<p>Veja no mapa a localiza\u00e7\u00e3o da Casa para Estudantes no Porto Nazdrowia. Contacte-nos para mais informa\u00e7\u00f5es ou reservar o seu quarto hoje!<\/p>\n","protected":false},"author":1,"featured_media":0,"parent":0,"menu_order":0,"comment_status":"closed","ping_status":"closed","template":"","meta":{"jetpack_post_was_ever_published":false,"footnotes":""},"class_list":["post-123","page","type-page","status-publish","hentry","entry"],"yoast_head":"<!-- This site is optimized with the Yoast SEO plugin v27.5 - https:\/\/yoast.com\/product\/yoast-seo-wordpress\/ -->\n<title>Localiza\u00e7\u00e3o - Quartos Estudantes Porto<\/title>\n<meta name=\"description\" content=\"Quartos para alugar a estudantes universit\u00e1rios\" \/>\n<meta name=\"robots\" content=\"index, follow, max-snippet:-1, max-image-preview:large, max-video-preview:-1\" \/>\n<link rel=\"canonical\" href=\"https:\/\/www.erasmusroomsporto.com\/quartosparaestudantes\/localizacao\/\" \/>\n<meta name=\"twitter:card\" content=\"summary_large_image\" \/>\n<meta name=\"twitter:title\" content=\"Localiza\u00e7\u00e3o - Quartos Estudantes Porto\" \/>\n<meta name=\"twitter:description\" content=\"Quartos para alugar a estudantes universit\u00e1rios\" \/>\n<meta name=\"twitter:label1\" content=\"Est. tempo de leitura\" \/>\n\t<meta name=\"twitter:data1\" content=\"1 minuto\" \/>\n<script type=\"application\/ld+json\" class=\"yoast-schema-graph\">{\"@context\":\"https:\\\/\\\/schema.org\",\"@graph\":[{\"@type\":\"WebPage\",\"@id\":\"https:\\\/\\\/www.erasmusroomsporto.com\\\/quartosparaestudantes\\\/localizacao\\\/\",\"url\":\"https:\\\/\\\/www.erasmusroomsporto.com\\\/quartosparaestudantes\\\/localizacao\\\/\",\"name\":\"Localiza\u00e7\u00e3o - Quartos Estudantes Porto\",\"isPartOf\":{\"@id\":\"https:\\\/\\\/www.erasmusroomsporto.com\\\/quartosparaestudantes\\\/#website\"},\"datePublished\":\"2015-09-16T10:29:36+00:00\",\"dateModified\":\"2021-12-27T16:42:42+00:00\",\"description\":\"Quartos para alugar a estudantes universit\u00e1rios\",\"breadcrumb\":{\"@id\":\"https:\\\/\\\/www.erasmusroomsporto.com\\\/quartosparaestudantes\\\/localizacao\\\/#breadcrumb\"},\"inLanguage\":\"pt-BR\",\"potentialAction\":[{\"@type\":\"ReadAction\",\"target\":[\"https:\\\/\\\/www.erasmusroomsporto.com\\\/quartosparaestudantes\\\/localizacao\\\/\"]}]},{\"@type\":\"BreadcrumbList\",\"@id\":\"https:\\\/\\\/www.erasmusroomsporto.com\\\/quartosparaestudantes\\\/localizacao\\\/#breadcrumb\",\"itemListElement\":[{\"@type\":\"ListItem\",\"position\":1,\"name\":\"Home\",\"item\":\"https:\\\/\\\/www.erasmusroomsporto.com\\\/quartosparaestudantes\\\/\"},{\"@type\":\"ListItem\",\"position\":2,\"name\":\"Localiza\u00e7\u00e3o\"}]},{\"@type\":\"WebSite\",\"@id\":\"https:\\\/\\\/www.erasmusroomsporto.com\\\/quartosparaestudantes\\\/#website\",\"url\":\"https:\\\/\\\/www.erasmusroomsporto.com\\\/quartosparaestudantes\\\/\",\"name\":\"Quartos Estudantes Porto\",\"description\":\"Casa Nazdrowia | O seu quarto favorito para Estudante no Porto\",\"publisher\":{\"@id\":\"https:\\\/\\\/www.erasmusroomsporto.com\\\/quartosparaestudantes\\\/#organization\"},\"potentialAction\":[{\"@type\":\"SearchAction\",\"target\":{\"@type\":\"EntryPoint\",\"urlTemplate\":\"https:\\\/\\\/www.erasmusroomsporto.com\\\/quartosparaestudantes\\\/?s={search_term_string}\"},\"query-input\":{\"@type\":\"PropertyValueSpecification\",\"valueRequired\":true,\"valueName\":\"search_term_string\"}}],\"inLanguage\":\"pt-BR\"},{\"@type\":\"Organization\",\"@id\":\"https:\\\/\\\/www.erasmusroomsporto.com\\\/quartosparaestudantes\\\/#organization\",\"name\":\"Casa Nazdrowia\",\"url\":\"https:\\\/\\\/www.erasmusroomsporto.com\\\/quartosparaestudantes\\\/\",\"logo\":{\"@type\":\"ImageObject\",\"inLanguage\":\"pt-BR\",\"@id\":\"https:\\\/\\\/www.erasmusroomsporto.com\\\/quartosparaestudantes\\\/#\\\/schema\\\/logo\\\/image\\\/\",\"url\":\"https:\\\/\\\/i0.wp.com\\\/www.erasmusroomsporto.com\\\/quartosparaestudantes\\\/wp-content\\\/uploads\\\/sites\\\/2\\\/2022\\\/12\\\/erasmus-rooms-porto.jpg?fit=260%2C260&ssl=1\",\"contentUrl\":\"https:\\\/\\\/i0.wp.com\\\/www.erasmusroomsporto.com\\\/quartosparaestudantes\\\/wp-content\\\/uploads\\\/sites\\\/2\\\/2022\\\/12\\\/erasmus-rooms-porto.jpg?fit=260%2C260&ssl=1\",\"width\":260,\"height\":260,\"caption\":\"Casa Nazdrowia\"},\"image\":{\"@id\":\"https:\\\/\\\/www.erasmusroomsporto.com\\\/quartosparaestudantes\\\/#\\\/schema\\\/logo\\\/image\\\/\"},\"sameAs\":[\"https:\\\/\\\/www.facebook.com\\\/pages\\\/Nazdrowia-Erasmus-Housing-and-Accommodation-Porto\\\/392954614143280\"]}]}<\/script>\n<!-- \/ Yoast SEO plugin. -->","yoast_head_json":{"title":"Localiza\u00e7\u00e3o - Quartos Estudantes Porto","description":"Quartos para alugar a estudantes universit\u00e1rios","robots":{"index":"index","follow":"follow","max-snippet":"max-snippet:-1","max-image-preview":"max-image-preview:large","max-video-preview":"max-video-preview:-1"},"canonical":"https:\/\/www.erasmusroomsporto.com\/quartosparaestudantes\/localizacao\/","twitter_card":"summary_large_image","twitter_title":"Localiza\u00e7\u00e3o - Quartos Estudantes Porto","twitter_description":"Quartos para alugar a estudantes universit\u00e1rios","twitter_misc":{"Est. tempo de leitura":"1 minuto"},"schema":{"@context":"https:\/\/schema.org","@graph":[{"@type":"WebPage","@id":"https:\/\/www.erasmusroomsporto.com\/quartosparaestudantes\/localizacao\/","url":"https:\/\/www.erasmusroomsporto.com\/quartosparaestudantes\/localizacao\/","name":"Localiza\u00e7\u00e3o - Quartos Estudantes Porto","isPartOf":{"@id":"https:\/\/www.erasmusroomsporto.com\/quartosparaestudantes\/#website"},"datePublished":"2015-09-16T10:29:36+00:00","dateModified":"2021-12-27T16:42:42+00:00","description":"Quartos para alugar a estudantes universit\u00e1rios","breadcrumb":{"@id":"https:\/\/www.erasmusroomsporto.com\/quartosparaestudantes\/localizacao\/#breadcrumb"},"inLanguage":"pt-BR","potentialAction":[{"@type":"ReadAction","target":["https:\/\/www.erasmusroomsporto.com\/quartosparaestudantes\/localizacao\/"]}]},{"@type":"BreadcrumbList","@id":"https:\/\/www.erasmusroomsporto.com\/quartosparaestudantes\/localizacao\/#breadcrumb","itemListElement":[{"@type":"ListItem","position":1,"name":"Home","item":"https:\/\/www.erasmusroomsporto.com\/quartosparaestudantes\/"},{"@type":"ListItem","position":2,"name":"Localiza\u00e7\u00e3o"}]},{"@type":"WebSite","@id":"https:\/\/www.erasmusroomsporto.com\/quartosparaestudantes\/#website","url":"https:\/\/www.erasmusroomsporto.com\/quartosparaestudantes\/","name":"Quartos Estudantes Porto","description":"Casa Nazdrowia | O seu quarto favorito para Estudante no Porto","publisher":{"@id":"https:\/\/www.erasmusroomsporto.com\/quartosparaestudantes\/#organization"},"potentialAction":[{"@type":"SearchAction","target":{"@type":"EntryPoint","urlTemplate":"https:\/\/www.erasmusroomsporto.com\/quartosparaestudantes\/?s={search_term_string}"},"query-input":{"@type":"PropertyValueSpecification","valueRequired":true,"valueName":"search_term_string"}}],"inLanguage":"pt-BR"},{"@type":"Organization","@id":"https:\/\/www.erasmusroomsporto.com\/quartosparaestudantes\/#organization","name":"Casa Nazdrowia","url":"https:\/\/www.erasmusroomsporto.com\/quartosparaestudantes\/","logo":{"@type":"ImageObject","inLanguage":"pt-BR","@id":"https:\/\/www.erasmusroomsporto.com\/quartosparaestudantes\/#\/schema\/logo\/image\/","url":"https:\/\/i0.wp.com\/www.erasmusroomsporto.com\/quartosparaestudantes\/wp-content\/uploads\/sites\/2\/2022\/12\/erasmus-rooms-porto.jpg?fit=260%2C260&ssl=1","contentUrl":"https:\/\/i0.wp.com\/www.erasmusroomsporto.com\/quartosparaestudantes\/wp-content\/uploads\/sites\/2\/2022\/12\/erasmus-rooms-porto.jpg?fit=260%2C260&ssl=1","width":260,"height":260,"caption":"Casa Nazdrowia"},"image":{"@id":"https:\/\/www.erasmusroomsporto.com\/quartosparaestudantes\/#\/schema\/logo\/image\/"},"sameAs":["https:\/\/www.facebook.com\/pages\/Nazdrowia-Erasmus-Housing-and-Accommodation-Porto\/392954614143280"]}]}},"jetpack_sharing_enabled":true,"jetpack_shortlink":"https:\/\/wp.me\/P6JV9y-1Z","jetpack-related-posts":[],"_links":{"self":[{"href":"https:\/\/www.erasmusroomsporto.com\/quartosparaestudantes\/wp-json\/wp\/v2\/pages\/123","targetHints":{"allow":["GET"]}}],"collection":[{"href":"https:\/\/www.erasmusroomsporto.com\/quartosparaestudantes\/wp-json\/wp\/v2\/pages"}],"about":[{"href":"https:\/\/www.erasmusroomsporto.com\/quartosparaestudantes\/wp-json\/wp\/v2\/types\/page"}],"author":[{"embeddable":true,"href":"https:\/\/www.erasmusroomsporto.com\/quartosparaestudantes\/wp-json\/wp\/v2\/users\/1"}],"replies":[{"embeddable":true,"href":"https:\/\/www.erasmusroomsporto.com\/quartosparaestudantes\/wp-json\/wp\/v2\/comments?post=123"}],"version-history":[{"count":0,"href":"https:\/\/www.erasmusroomsporto.com\/quartosparaestudantes\/wp-json\/wp\/v2\/pages\/123\/revisions"}],"wp:attachment":[{"href":"https:\/\/www.erasmusroomsporto.com\/quartosparaestudantes\/wp-json\/wp\/v2\/media?parent=123"}],"curies":[{"name":"wp","href":"https:\/\/api.w.org\/{rel}","templated":true}]}}