{"id":45,"date":"2019-07-21T19:10:31","date_gmt":"2019-07-21T19:10:31","guid":{"rendered":"https:\/\/www.erasmusroomsporto.com\/espanol\/?page_id=45"},"modified":"2019-07-21T19:10:34","modified_gmt":"2019-07-21T19:10:34","slug":"precios-de-habitaciones-erasmus-porto","status":"publish","type":"page","link":"https:\/\/www.erasmusroomsporto.com\/espanol\/precios-de-habitaciones-erasmus-porto\/","title":{"rendered":"Precios de habitaciones Erasmus Porto"},"content":{"rendered":"\n<p><strong>Precios de habitaciones Erasmus<\/strong> Porto<\/p>\n\n\n\n<p><strong>\u00a1Somos los N\u00b01 en\nprecios, ubicaci\u00f3n y calidad!<\/strong><\/p>\n\n\n\n<p>\u00bfCu\u00e1les son los precios de las habitaciones Erasmus de\nNazdrowia, las habitaciones para estudiantes dobles y sencillas en Oporto?<\/p>\n\n\n\n<p><strong>Los precios de nuestros alojamientos para\nestudiantes van desde 195 euros\/mes (*)<\/strong><\/p>\n\n\n\n<p>(*)- <strong>Todas las facturas\nest\u00e1n incluidas en el monto mensual.<\/strong> Las habitaciones Erasmus en Oporto\nincluyen agua, gas y electricidad.<\/p>\n\n\n\n<p><strong>\u00bfQu\u00e9\nest\u00e1 incluido en los precios de las habitaciones Erasmus de Nazdrowia en\nOporto?<\/strong><\/p>\n\n\n\n<p>Todos los impuestos est\u00e1n incluidos, as\u00ed que el agua, gas y electricidad\nest\u00e1n en la cuota mensual. Eso significa que no hay sorpresas desagradables al\nfinal del mes.<strong> \u00a1Cada mensualidad pagar\u00e1s el mismo monto!<\/strong><\/p>\n\n\n\n<p><strong>\u00bfQu\u00e9 encontrar\u00e1s cuando llegues a tu\nhabitaci\u00f3n?<\/strong><\/p>\n\n\n\n<p>Todo lo que necesitas para una estad\u00eda c\u00f3moda en esta casa\nmientras realizas tu programa de estudios. Adem\u00e1s de una cama c\u00f3moda, tendr\u00e1s\nen la habitaci\u00f3n un ropero, un escritorio y silla, tambi\u00e9n contar\u00e1s con una\nmanta, s\u00e1banas y una almohada.<\/p>\n\n\n\n<p><strong>Usa el formulario de\ncontacto para enviarnos un email con todas tus preguntas y solicitudes.<\/strong><strong><\/strong><\/p>\n\n\n\n<p>Recuerda que mientras m\u00e1s r\u00e1pido hagas tu reserva, aseguras m\u00e1s\ntu lugar en la Casa para estudiantes Nazdrowia en Oporto.<\/p>\n\n\n\n<p><strong>\u00bfQuieres\nsolicitar la reservaci\u00f3n de tu habitaci\u00f3n ahora?<\/strong><\/p>\n\n\n\n<h3 class=\"wp-block-heading\"><strong>\u00bfTe gustar\u00eda conocer Nazdrowia II?<\/strong><strong><\/strong><\/h3>\n\n\n\n<h3 class=\"wp-block-heading\">Nazdrowia II<\/h3>\n\n\n\n<p>Es un enorme\ndepartamento con terraza, &nbsp;habitaciones dobles\ny sencillas.<\/p>\n\n\n\n<p>Localizado cerca del\ncampus de la Universidad Asprela, con la estaci\u00f3n de metro y autob\u00fas a pocos\nmetros de la puerta.<\/p>\n\n\n\n<p>Encontrar\u00e1s cerca el\nsupermercado, la calle comercial, caf\u00e9s y todo lo que necesitas para ti.<\/p>\n\n\n\n<p>Dale un vistazo a <a href=\"http:\/\/www.portoroomsforstudents.com\" target=\"_blank\" rel=\"noreferrer noopener\">www.portoroomsforstudents.com<\/a> para encontrar m\u00e1s informaci\u00f3n sobre este departamento y\nrecuerda reservar cuanto antes.<\/p>\n\n\n\n<p>M\u00c1S INFO<\/p>\n\n\n\n<p><strong>\u00bfC\u00d3MO RESERVAR YA TU HABITACI\u00d3N en la casa\npara estudiantes Nazdrowia en Oporto?<\/strong><\/p>\n\n\n\n<p>No\npuede ser m\u00e1s f\u00e1cil, simple y r\u00e1pido reservar tu habitaci\u00f3n en la casa\npara estudiantes Nazdrowia en Oporto, ve ahora mismo a nuestra p\u00e1gina de\ncontacto y env\u00edanos un email mencionando que quieres reservar tu habitaci\u00f3n<\/p>\n\n\n\n<p>Nosotros revisaremos inmediatamente si a\u00fan hay habitaciones\nlibres para ti y te confirmaremos envi\u00e1ndote al mismo tiempo todos los\nprocedimientos para hacer oficial tu reservaci\u00f3n <\/p>\n\n\n\n<p>\u00a1Haz clic abajo!<\/p>\n\n\n\n<p><strong>\u00a1QUIERO RESERVAR UNA\nHABITACI\u00d3N EN NAZDROWIA AHORA!<\/strong><\/p>\n\n\n\n<p>Los rangos de precio de las habitaciones dobles van desde los\n195 euros\/mes y 210 euros\/mes (*) El precio de las habitaciones sencillas son\nde 270 euros\/mes (*)<\/p>\n\n\n\n<p>(*)- <strong>Todos los impuestos\nest\u00e1n incluidos en el monto mensual<\/strong>. As\u00ed que los precios para las\nhabitaciones Erasmus en Oporto incluyen agua, gas y electricidad.<\/p>\n","protected":false},"excerpt":{"rendered":"<p>Precios de habitaciones Erasmus Porto \u00a1Somos los N\u00b01 en precios, ubicaci\u00f3n y calidad! \u00bfCu\u00e1les son los precios de las habitaciones Erasmus de Nazdrowia, las habitaciones para estudiantes dobles y sencillas en Oporto? Los precios de nuestros alojamientos para estudiantes van desde 195 euros\/mes (*) (*)- Todas las facturas est\u00e1n incluidas en el monto mensual. Las&hellip; <a class=\"more-link\" href=\"https:\/\/www.erasmusroomsporto.com\/espanol\/precios-de-habitaciones-erasmus-porto\/\">Seguir leyendo <span class=\"screen-reader-text\">Precios de habitaciones Erasmus Porto<\/span><\/a><\/p>\n","protected":false},"author":1,"featured_media":0,"parent":0,"menu_order":0,"comment_status":"closed","ping_status":"closed","template":"","meta":{"footnotes":""},"class_list":["post-45","page","type-page","status-publish","hentry","entry"],"yoast_head":"<!-- This site is optimized with the Yoast SEO plugin v27.4 - https:\/\/yoast.com\/product\/yoast-seo-wordpress\/ -->\n<title>Precios de habitaciones Erasmus Porto - Habitaciones Erasmus Oporto<\/title>\n<meta name=\"robots\" content=\"index, follow, max-snippet:-1, max-image-preview:large, max-video-preview:-1\" \/>\n<link rel=\"canonical\" href=\"https:\/\/www.erasmusroomsporto.com\/espanol\/precios-de-habitaciones-erasmus-porto\/\" \/>\n<meta property=\"og:locale\" content=\"es_ES\" \/>\n<meta property=\"og:type\" content=\"article\" \/>\n<meta property=\"og:title\" content=\"Precios de habitaciones Erasmus Porto - Habitaciones Erasmus Oporto\" \/>\n<meta property=\"og:description\" content=\"Precios de habitaciones Erasmus Porto \u00a1Somos los N\u00b01 en precios, ubicaci\u00f3n y calidad! \u00bfCu\u00e1les son los precios de las habitaciones Erasmus de Nazdrowia, las habitaciones para estudiantes dobles y sencillas en Oporto? Los precios de nuestros alojamientos para estudiantes van desde 195 euros\/mes (*) (*)- Todas las facturas est\u00e1n incluidas en el monto mensual. Las&hellip; Seguir leyendo Precios de habitaciones Erasmus Porto\" \/>\n<meta property=\"og:url\" content=\"https:\/\/www.erasmusroomsporto.com\/espanol\/precios-de-habitaciones-erasmus-porto\/\" \/>\n<meta property=\"og:site_name\" content=\"Habitaciones Erasmus Oporto\" \/>\n<meta property=\"article:publisher\" content=\"https:\/\/www.facebook.com\/Nazdrowiayourerasmusroomsporto\" \/>\n<meta property=\"article:modified_time\" content=\"2019-07-21T19:10:34+00:00\" \/>\n<meta name=\"twitter:card\" content=\"summary_large_image\" \/>\n<meta name=\"twitter:label1\" content=\"Tiempo de lectura\" \/>\n\t<meta name=\"twitter:data1\" content=\"2 minutos\" \/>\n<script type=\"application\/ld+json\" class=\"yoast-schema-graph\">{\"@context\":\"https:\\\/\\\/schema.org\",\"@graph\":[{\"@type\":\"WebPage\",\"@id\":\"https:\\\/\\\/www.erasmusroomsporto.com\\\/espanol\\\/precios-de-habitaciones-erasmus-porto\\\/\",\"url\":\"https:\\\/\\\/www.erasmusroomsporto.com\\\/espanol\\\/precios-de-habitaciones-erasmus-porto\\\/\",\"name\":\"Precios de habitaciones Erasmus Porto - Habitaciones Erasmus Oporto\",\"isPartOf\":{\"@id\":\"https:\\\/\\\/www.erasmusroomsporto.com\\\/espanol\\\/#website\"},\"datePublished\":\"2019-07-21T19:10:31+00:00\",\"dateModified\":\"2019-07-21T19:10:34+00:00\",\"inLanguage\":\"es\",\"potentialAction\":[{\"@type\":\"ReadAction\",\"target\":[\"https:\\\/\\\/www.erasmusroomsporto.com\\\/espanol\\\/precios-de-habitaciones-erasmus-porto\\\/\"]}]},{\"@type\":\"WebSite\",\"@id\":\"https:\\\/\\\/www.erasmusroomsporto.com\\\/espanol\\\/#website\",\"url\":\"https:\\\/\\\/www.erasmusroomsporto.com\\\/espanol\\\/\",\"name\":\"Habitaciones Erasmus Oporto\",\"description\":\"Tu quarto de estudiante favorito en Oporto\",\"publisher\":{\"@id\":\"https:\\\/\\\/www.erasmusroomsporto.com\\\/espanol\\\/#organization\"},\"potentialAction\":[{\"@type\":\"SearchAction\",\"target\":{\"@type\":\"EntryPoint\",\"urlTemplate\":\"https:\\\/\\\/www.erasmusroomsporto.com\\\/espanol\\\/?s={search_term_string}\"},\"query-input\":{\"@type\":\"PropertyValueSpecification\",\"valueRequired\":true,\"valueName\":\"search_term_string\"}}],\"inLanguage\":\"es\"},{\"@type\":\"Organization\",\"@id\":\"https:\\\/\\\/www.erasmusroomsporto.com\\\/espanol\\\/#organization\",\"name\":\"Habitaciones Erasmus Oporto\",\"url\":\"https:\\\/\\\/www.erasmusroomsporto.com\\\/espanol\\\/\",\"logo\":{\"@type\":\"ImageObject\",\"inLanguage\":\"es\",\"@id\":\"https:\\\/\\\/www.erasmusroomsporto.com\\\/espanol\\\/#\\\/schema\\\/logo\\\/image\\\/\",\"url\":\"https:\\\/\\\/i0.wp.com\\\/www.erasmusroomsporto.com\\\/espanol\\\/wp-content\\\/uploads\\\/sites\\\/3\\\/2022\\\/12\\\/erasmus-rooms-porto.jpg?fit=260%2C260&ssl=1\",\"contentUrl\":\"https:\\\/\\\/i0.wp.com\\\/www.erasmusroomsporto.com\\\/espanol\\\/wp-content\\\/uploads\\\/sites\\\/3\\\/2022\\\/12\\\/erasmus-rooms-porto.jpg?fit=260%2C260&ssl=1\",\"width\":260,\"height\":260,\"caption\":\"Habitaciones Erasmus Oporto\"},\"image\":{\"@id\":\"https:\\\/\\\/www.erasmusroomsporto.com\\\/espanol\\\/#\\\/schema\\\/logo\\\/image\\\/\"},\"sameAs\":[\"https:\\\/\\\/www.facebook.com\\\/Nazdrowiayourerasmusroomsporto\"]}]}<\/script>\n<!-- \/ Yoast SEO plugin. -->","yoast_head_json":{"title":"Precios de habitaciones Erasmus Porto - Habitaciones Erasmus Oporto","robots":{"index":"index","follow":"follow","max-snippet":"max-snippet:-1","max-image-preview":"max-image-preview:large","max-video-preview":"max-video-preview:-1"},"canonical":"https:\/\/www.erasmusroomsporto.com\/espanol\/precios-de-habitaciones-erasmus-porto\/","og_locale":"es_ES","og_type":"article","og_title":"Precios de habitaciones Erasmus Porto - Habitaciones Erasmus Oporto","og_description":"Precios de habitaciones Erasmus Porto \u00a1Somos los N\u00b01 en precios, ubicaci\u00f3n y calidad! \u00bfCu\u00e1les son los precios de las habitaciones Erasmus de Nazdrowia, las habitaciones para estudiantes dobles y sencillas en Oporto? Los precios de nuestros alojamientos para estudiantes van desde 195 euros\/mes (*) (*)- Todas las facturas est\u00e1n incluidas en el monto mensual. Las&hellip; Seguir leyendo Precios de habitaciones Erasmus Porto","og_url":"https:\/\/www.erasmusroomsporto.com\/espanol\/precios-de-habitaciones-erasmus-porto\/","og_site_name":"Habitaciones Erasmus Oporto","article_publisher":"https:\/\/www.facebook.com\/Nazdrowiayourerasmusroomsporto","article_modified_time":"2019-07-21T19:10:34+00:00","twitter_card":"summary_large_image","twitter_misc":{"Tiempo de lectura":"2 minutos"},"schema":{"@context":"https:\/\/schema.org","@graph":[{"@type":"WebPage","@id":"https:\/\/www.erasmusroomsporto.com\/espanol\/precios-de-habitaciones-erasmus-porto\/","url":"https:\/\/www.erasmusroomsporto.com\/espanol\/precios-de-habitaciones-erasmus-porto\/","name":"Precios de habitaciones Erasmus Porto - Habitaciones Erasmus Oporto","isPartOf":{"@id":"https:\/\/www.erasmusroomsporto.com\/espanol\/#website"},"datePublished":"2019-07-21T19:10:31+00:00","dateModified":"2019-07-21T19:10:34+00:00","inLanguage":"es","potentialAction":[{"@type":"ReadAction","target":["https:\/\/www.erasmusroomsporto.com\/espanol\/precios-de-habitaciones-erasmus-porto\/"]}]},{"@type":"WebSite","@id":"https:\/\/www.erasmusroomsporto.com\/espanol\/#website","url":"https:\/\/www.erasmusroomsporto.com\/espanol\/","name":"Habitaciones Erasmus Oporto","description":"Tu quarto de estudiante favorito en Oporto","publisher":{"@id":"https:\/\/www.erasmusroomsporto.com\/espanol\/#organization"},"potentialAction":[{"@type":"SearchAction","target":{"@type":"EntryPoint","urlTemplate":"https:\/\/www.erasmusroomsporto.com\/espanol\/?s={search_term_string}"},"query-input":{"@type":"PropertyValueSpecification","valueRequired":true,"valueName":"search_term_string"}}],"inLanguage":"es"},{"@type":"Organization","@id":"https:\/\/www.erasmusroomsporto.com\/espanol\/#organization","name":"Habitaciones Erasmus Oporto","url":"https:\/\/www.erasmusroomsporto.com\/espanol\/","logo":{"@type":"ImageObject","inLanguage":"es","@id":"https:\/\/www.erasmusroomsporto.com\/espanol\/#\/schema\/logo\/image\/","url":"https:\/\/i0.wp.com\/www.erasmusroomsporto.com\/espanol\/wp-content\/uploads\/sites\/3\/2022\/12\/erasmus-rooms-porto.jpg?fit=260%2C260&ssl=1","contentUrl":"https:\/\/i0.wp.com\/www.erasmusroomsporto.com\/espanol\/wp-content\/uploads\/sites\/3\/2022\/12\/erasmus-rooms-porto.jpg?fit=260%2C260&ssl=1","width":260,"height":260,"caption":"Habitaciones Erasmus Oporto"},"image":{"@id":"https:\/\/www.erasmusroomsporto.com\/espanol\/#\/schema\/logo\/image\/"},"sameAs":["https:\/\/www.facebook.com\/Nazdrowiayourerasmusroomsporto"]}]}},"jetpack-related-posts":[],"jetpack_sharing_enabled":true,"_links":{"self":[{"href":"https:\/\/www.erasmusroomsporto.com\/espanol\/wp-json\/wp\/v2\/pages\/45","targetHints":{"allow":["GET"]}}],"collection":[{"href":"https:\/\/www.erasmusroomsporto.com\/espanol\/wp-json\/wp\/v2\/pages"}],"about":[{"href":"https:\/\/www.erasmusroomsporto.com\/espanol\/wp-json\/wp\/v2\/types\/page"}],"author":[{"embeddable":true,"href":"https:\/\/www.erasmusroomsporto.com\/espanol\/wp-json\/wp\/v2\/users\/1"}],"replies":[{"embeddable":true,"href":"https:\/\/www.erasmusroomsporto.com\/espanol\/wp-json\/wp\/v2\/comments?post=45"}],"version-history":[{"count":0,"href":"https:\/\/www.erasmusroomsporto.com\/espanol\/wp-json\/wp\/v2\/pages\/45\/revisions"}],"wp:attachment":[{"href":"https:\/\/www.erasmusroomsporto.com\/espanol\/wp-json\/wp\/v2\/media?parent=45"}],"curies":[{"name":"wp","href":"https:\/\/api.w.org\/{rel}","templated":true}]}}