{"id":41,"date":"2019-07-21T19:05:38","date_gmt":"2019-07-21T19:05:38","guid":{"rendered":"https:\/\/www.erasmusroomsporto.com\/espanol\/?page_id=41"},"modified":"2019-07-21T19:05:41","modified_gmt":"2019-07-21T19:05:41","slug":"student-accommodation-in-porto","status":"publish","type":"page","link":"https:\/\/www.erasmusroomsporto.com\/espanol\/student-accommodation-in-porto\/","title":{"rendered":"student accommodation in Porto"},"content":{"rendered":"\n<p>M\u00e1s alojamientos para estudiantes en\nOporto<\/p>\n\n\n\n<p>Departamentos<\/p>\n\n\n\n<p><strong>\u00a1Tenemos m\u00e1s habitaciones para\nestudiantes en Oporto!<\/strong><\/p>\n\n\n\n<p>Tambi\u00e9n\nlocalizados en un \u00e1rea tranquila y muy cerca de las principales universidades\nen Oporto con una red de transporte muy bueno y extremadamente cerca (tanto la\nestaci\u00f3n de autob\u00fas y metro) ah\u00ed encontrar\u00e1s el departamento de renta 2th Floor\npara estudiantes.<\/p>\n\n\n\n<p><strong>\u00bfQu\u00e9 universidades puedes encontrar\ncerca de las habitaciones para estudiantes en Oporto , 2th Floor?<\/strong><\/p>\n\n\n\n<p>El\ndepartamento 2th Floor est\u00e1 estrat\u00e9gicamente ubicado para los estudiantes\nErasmus en Oporto.<\/p>\n\n\n\n<p>Est\u00e1 muy cerca de las principales universidades adem\u00e1s de otras\nque encontrar\u00e1s en los alrededores del \u00e1rea. Faculdade de Economia da Universidade do Porto\n(FEP), Universidade Fernando Pessoa, Universidade Lusiada Porto, Faculdade de\nDesporto da Universidade do Porto, Escola Superior de Biotecnologia da\nUniversidade do Porto, Faculdade de Medicina da Universidade do Porto.<\/p>\n\n\n\n<p>Entre otras, por ejemplo, Instituto Politecnico do Porto (IPP),\nInstituto Superior de Contabilidade e Administra\u00e7\u00e3o (ISCAP), Faculdade de\nPsicologia e de Ci\u00eancias da Educa\u00e7\u00e3o da Universidade do Porto (FPCEUP).<\/p>\n\n\n\n<p><strong>No necesitar\u00e1s tomar un autob\u00fas o el metro para llegar a la universidad,\npuedes llegar caminando a la universidad desde la Habitaci\u00f3n para\nEstudiantes en Oporto 2th Floor. <\/strong><\/p>\n\n\n\n<p><strong>\u00bfEncontrar\u00e1s todo lo que necesitas?<\/strong><\/p>\n\n\n\n<p>Las habitaciones\npara estudiantes en Oporto de 2th Floor est\u00e1n totalmente equipadas con todo\nlo que necesitas para sentirte tan c\u00f3modo como si estuvieras en tu propia\nhabitaci\u00f3n, mira todas caracter\u00edsticas de las habitaciones para estudiantes\nen Oporto de 2th Floor, haciendo clic aqu\u00ed.<\/p>\n\n\n\n<p><strong>\u00bfQui\u00e9nes ser\u00e1n mis compa\u00f1eros de habitaci\u00f3n?<\/strong><\/p>\n\n\n\n<p>Los departamentos de\n2th Floor son s\u00f3lo para estudiantes, as\u00ed que vivir\u00e1s con otros estudiantes de\nmuchos pa\u00edses diferentes en habitaciones dobles o sencillas.<\/p>\n\n\n\n<p><strong>Encuentra m\u00e1s sobre 2th Floor\u2026<\/strong><\/p>\n\n\n\n<p>Para encontrar m\u00e1s\nsobre 2th Floor habitaciones para estudiantes en Oporto, ingresa a <a href=\"http:\/\/www.studentroomsporto.com\">www.studentroomsporto.com<\/a><\/p>\n\n\n\n<p><strong>\u00a1En este departamento tendr\u00e1s un Erasmus\nverdaderamente divertido viviendo con estudiantes de otros pa\u00edses!<\/strong><\/p>\n\n\n\n<p>En\neste edificio hay m\u00e1s departamentos de estudiantes y tambi\u00e9n en los\nalrededores, desde luego disfrutar\u00e1s vivir aqu\u00ed mientras te hospedas para tu\nsemestre en Erasmus.<\/p>\n\n\n\n<p><strong>\u00a1Apres\u00farate en hacer tu reservaci\u00f3n!\nGarantiza tu habitaci\u00f3n hoy.<\/strong><\/p>\n","protected":false},"excerpt":{"rendered":"<p>M\u00e1s alojamientos para estudiantes en Oporto Departamentos \u00a1Tenemos m\u00e1s habitaciones para estudiantes en Oporto! Tambi\u00e9n localizados en un \u00e1rea tranquila y muy cerca de las principales universidades en Oporto con una red de transporte muy bueno y extremadamente cerca (tanto la estaci\u00f3n de autob\u00fas y metro) ah\u00ed encontrar\u00e1s el departamento de renta 2th Floor para&hellip; <a class=\"more-link\" href=\"https:\/\/www.erasmusroomsporto.com\/espanol\/student-accommodation-in-porto\/\">Seguir leyendo <span class=\"screen-reader-text\">student accommodation in Porto<\/span><\/a><\/p>\n","protected":false},"author":1,"featured_media":0,"parent":0,"menu_order":0,"comment_status":"closed","ping_status":"closed","template":"","meta":{"footnotes":""},"class_list":["post-41","page","type-page","status-publish","hentry","entry"],"yoast_head":"<!-- This site is optimized with the Yoast SEO plugin v27.4 - https:\/\/yoast.com\/product\/yoast-seo-wordpress\/ -->\n<title>student accommodation in Porto - Habitaciones Erasmus Oporto<\/title>\n<meta name=\"robots\" content=\"index, follow, max-snippet:-1, max-image-preview:large, max-video-preview:-1\" \/>\n<link rel=\"canonical\" href=\"https:\/\/www.erasmusroomsporto.com\/espanol\/student-accommodation-in-porto\/\" \/>\n<meta property=\"og:locale\" content=\"es_ES\" \/>\n<meta property=\"og:type\" content=\"article\" \/>\n<meta property=\"og:title\" content=\"student accommodation in Porto - Habitaciones Erasmus Oporto\" \/>\n<meta property=\"og:description\" content=\"M\u00e1s alojamientos para estudiantes en Oporto Departamentos \u00a1Tenemos m\u00e1s habitaciones para estudiantes en Oporto! Tambi\u00e9n localizados en un \u00e1rea tranquila y muy cerca de las principales universidades en Oporto con una red de transporte muy bueno y extremadamente cerca (tanto la estaci\u00f3n de autob\u00fas y metro) ah\u00ed encontrar\u00e1s el departamento de renta 2th Floor para&hellip; Seguir leyendo student accommodation in Porto\" \/>\n<meta property=\"og:url\" content=\"https:\/\/www.erasmusroomsporto.com\/espanol\/student-accommodation-in-porto\/\" \/>\n<meta property=\"og:site_name\" content=\"Habitaciones Erasmus Oporto\" \/>\n<meta property=\"article:publisher\" content=\"https:\/\/www.facebook.com\/Nazdrowiayourerasmusroomsporto\" \/>\n<meta property=\"article:modified_time\" content=\"2019-07-21T19:05:41+00:00\" \/>\n<meta name=\"twitter:card\" content=\"summary_large_image\" \/>\n<meta name=\"twitter:label1\" content=\"Tiempo de lectura\" \/>\n\t<meta name=\"twitter:data1\" content=\"2 minutos\" \/>\n<script type=\"application\/ld+json\" class=\"yoast-schema-graph\">{\"@context\":\"https:\\\/\\\/schema.org\",\"@graph\":[{\"@type\":\"WebPage\",\"@id\":\"https:\\\/\\\/www.erasmusroomsporto.com\\\/espanol\\\/student-accommodation-in-porto\\\/\",\"url\":\"https:\\\/\\\/www.erasmusroomsporto.com\\\/espanol\\\/student-accommodation-in-porto\\\/\",\"name\":\"student accommodation in Porto - Habitaciones Erasmus Oporto\",\"isPartOf\":{\"@id\":\"https:\\\/\\\/www.erasmusroomsporto.com\\\/espanol\\\/#website\"},\"datePublished\":\"2019-07-21T19:05:38+00:00\",\"dateModified\":\"2019-07-21T19:05:41+00:00\",\"inLanguage\":\"es\",\"potentialAction\":[{\"@type\":\"ReadAction\",\"target\":[\"https:\\\/\\\/www.erasmusroomsporto.com\\\/espanol\\\/student-accommodation-in-porto\\\/\"]}]},{\"@type\":\"WebSite\",\"@id\":\"https:\\\/\\\/www.erasmusroomsporto.com\\\/espanol\\\/#website\",\"url\":\"https:\\\/\\\/www.erasmusroomsporto.com\\\/espanol\\\/\",\"name\":\"Habitaciones Erasmus Oporto\",\"description\":\"Tu quarto de estudiante favorito en Oporto\",\"publisher\":{\"@id\":\"https:\\\/\\\/www.erasmusroomsporto.com\\\/espanol\\\/#organization\"},\"potentialAction\":[{\"@type\":\"SearchAction\",\"target\":{\"@type\":\"EntryPoint\",\"urlTemplate\":\"https:\\\/\\\/www.erasmusroomsporto.com\\\/espanol\\\/?s={search_term_string}\"},\"query-input\":{\"@type\":\"PropertyValueSpecification\",\"valueRequired\":true,\"valueName\":\"search_term_string\"}}],\"inLanguage\":\"es\"},{\"@type\":\"Organization\",\"@id\":\"https:\\\/\\\/www.erasmusroomsporto.com\\\/espanol\\\/#organization\",\"name\":\"Habitaciones Erasmus Oporto\",\"url\":\"https:\\\/\\\/www.erasmusroomsporto.com\\\/espanol\\\/\",\"logo\":{\"@type\":\"ImageObject\",\"inLanguage\":\"es\",\"@id\":\"https:\\\/\\\/www.erasmusroomsporto.com\\\/espanol\\\/#\\\/schema\\\/logo\\\/image\\\/\",\"url\":\"https:\\\/\\\/i0.wp.com\\\/www.erasmusroomsporto.com\\\/espanol\\\/wp-content\\\/uploads\\\/sites\\\/3\\\/2022\\\/12\\\/erasmus-rooms-porto.jpg?fit=260%2C260&ssl=1\",\"contentUrl\":\"https:\\\/\\\/i0.wp.com\\\/www.erasmusroomsporto.com\\\/espanol\\\/wp-content\\\/uploads\\\/sites\\\/3\\\/2022\\\/12\\\/erasmus-rooms-porto.jpg?fit=260%2C260&ssl=1\",\"width\":260,\"height\":260,\"caption\":\"Habitaciones Erasmus Oporto\"},\"image\":{\"@id\":\"https:\\\/\\\/www.erasmusroomsporto.com\\\/espanol\\\/#\\\/schema\\\/logo\\\/image\\\/\"},\"sameAs\":[\"https:\\\/\\\/www.facebook.com\\\/Nazdrowiayourerasmusroomsporto\"]}]}<\/script>\n<!-- \/ Yoast SEO plugin. -->","yoast_head_json":{"title":"student accommodation in Porto - Habitaciones Erasmus Oporto","robots":{"index":"index","follow":"follow","max-snippet":"max-snippet:-1","max-image-preview":"max-image-preview:large","max-video-preview":"max-video-preview:-1"},"canonical":"https:\/\/www.erasmusroomsporto.com\/espanol\/student-accommodation-in-porto\/","og_locale":"es_ES","og_type":"article","og_title":"student accommodation in Porto - Habitaciones Erasmus Oporto","og_description":"M\u00e1s alojamientos para estudiantes en Oporto Departamentos \u00a1Tenemos m\u00e1s habitaciones para estudiantes en Oporto! Tambi\u00e9n localizados en un \u00e1rea tranquila y muy cerca de las principales universidades en Oporto con una red de transporte muy bueno y extremadamente cerca (tanto la estaci\u00f3n de autob\u00fas y metro) ah\u00ed encontrar\u00e1s el departamento de renta 2th Floor para&hellip; Seguir leyendo student accommodation in Porto","og_url":"https:\/\/www.erasmusroomsporto.com\/espanol\/student-accommodation-in-porto\/","og_site_name":"Habitaciones Erasmus Oporto","article_publisher":"https:\/\/www.facebook.com\/Nazdrowiayourerasmusroomsporto","article_modified_time":"2019-07-21T19:05:41+00:00","twitter_card":"summary_large_image","twitter_misc":{"Tiempo de lectura":"2 minutos"},"schema":{"@context":"https:\/\/schema.org","@graph":[{"@type":"WebPage","@id":"https:\/\/www.erasmusroomsporto.com\/espanol\/student-accommodation-in-porto\/","url":"https:\/\/www.erasmusroomsporto.com\/espanol\/student-accommodation-in-porto\/","name":"student accommodation in Porto - Habitaciones Erasmus Oporto","isPartOf":{"@id":"https:\/\/www.erasmusroomsporto.com\/espanol\/#website"},"datePublished":"2019-07-21T19:05:38+00:00","dateModified":"2019-07-21T19:05:41+00:00","inLanguage":"es","potentialAction":[{"@type":"ReadAction","target":["https:\/\/www.erasmusroomsporto.com\/espanol\/student-accommodation-in-porto\/"]}]},{"@type":"WebSite","@id":"https:\/\/www.erasmusroomsporto.com\/espanol\/#website","url":"https:\/\/www.erasmusroomsporto.com\/espanol\/","name":"Habitaciones Erasmus Oporto","description":"Tu quarto de estudiante favorito en Oporto","publisher":{"@id":"https:\/\/www.erasmusroomsporto.com\/espanol\/#organization"},"potentialAction":[{"@type":"SearchAction","target":{"@type":"EntryPoint","urlTemplate":"https:\/\/www.erasmusroomsporto.com\/espanol\/?s={search_term_string}"},"query-input":{"@type":"PropertyValueSpecification","valueRequired":true,"valueName":"search_term_string"}}],"inLanguage":"es"},{"@type":"Organization","@id":"https:\/\/www.erasmusroomsporto.com\/espanol\/#organization","name":"Habitaciones Erasmus Oporto","url":"https:\/\/www.erasmusroomsporto.com\/espanol\/","logo":{"@type":"ImageObject","inLanguage":"es","@id":"https:\/\/www.erasmusroomsporto.com\/espanol\/#\/schema\/logo\/image\/","url":"https:\/\/i0.wp.com\/www.erasmusroomsporto.com\/espanol\/wp-content\/uploads\/sites\/3\/2022\/12\/erasmus-rooms-porto.jpg?fit=260%2C260&ssl=1","contentUrl":"https:\/\/i0.wp.com\/www.erasmusroomsporto.com\/espanol\/wp-content\/uploads\/sites\/3\/2022\/12\/erasmus-rooms-porto.jpg?fit=260%2C260&ssl=1","width":260,"height":260,"caption":"Habitaciones Erasmus Oporto"},"image":{"@id":"https:\/\/www.erasmusroomsporto.com\/espanol\/#\/schema\/logo\/image\/"},"sameAs":["https:\/\/www.facebook.com\/Nazdrowiayourerasmusroomsporto"]}]}},"jetpack-related-posts":[],"jetpack_sharing_enabled":true,"_links":{"self":[{"href":"https:\/\/www.erasmusroomsporto.com\/espanol\/wp-json\/wp\/v2\/pages\/41","targetHints":{"allow":["GET"]}}],"collection":[{"href":"https:\/\/www.erasmusroomsporto.com\/espanol\/wp-json\/wp\/v2\/pages"}],"about":[{"href":"https:\/\/www.erasmusroomsporto.com\/espanol\/wp-json\/wp\/v2\/types\/page"}],"author":[{"embeddable":true,"href":"https:\/\/www.erasmusroomsporto.com\/espanol\/wp-json\/wp\/v2\/users\/1"}],"replies":[{"embeddable":true,"href":"https:\/\/www.erasmusroomsporto.com\/espanol\/wp-json\/wp\/v2\/comments?post=41"}],"version-history":[{"count":0,"href":"https:\/\/www.erasmusroomsporto.com\/espanol\/wp-json\/wp\/v2\/pages\/41\/revisions"}],"wp:attachment":[{"href":"https:\/\/www.erasmusroomsporto.com\/espanol\/wp-json\/wp\/v2\/media?parent=41"}],"curies":[{"name":"wp","href":"https:\/\/api.w.org\/{rel}","templated":true}]}}