{"id":15,"date":"2019-07-13T22:10:29","date_gmt":"2019-07-13T22:10:29","guid":{"rendered":"https:\/\/www.erasmusroomsporto.com\/espanol\/?page_id=15"},"modified":"2019-07-22T20:26:40","modified_gmt":"2019-07-22T20:26:40","slug":"ubicacion","status":"publish","type":"page","link":"https:\/\/www.erasmusroomsporto.com\/espanol\/ubicacion\/","title":{"rendered":"Ubicaci\u00f3n"},"content":{"rendered":"\n<p><strong>\u00a1Reserva tu habitaci\u00f3n ya!&#8230; \u00a1Disfruta tu\nexperiencia Erasmus en Oporto!<\/strong><\/p>\n\n\n\n<h4 class=\"wp-block-heading\">Nazdrowia\nErasmus Rooms Porto<\/h4>\n\n\n\n<p><strong>Habitaciones Nazdrowia para Erasmus en\nOporto<\/strong><\/p>\n\n\n\n<p>Est\u00e1 localizado cerca de las principales universidades en Oporto con una red de transportes excelente en la misma \u00e1rea.<\/p>\n\n\n\n<p>Ve m\u00e1s detalles sobre Habitaciones Erasmus Nazdrowia en Oporto (<a href=\"https:\/\/www.erasmusroomsporto.com\/espanol\/\">clic aqu\u00ed<\/a>).<\/p>\n\n\n\n<iframe loading=\"lazy\" src=\"https:\/\/www.google.com\/maps\/embed?pb=!1m18!1m12!1m3!1d3002.8195063394833!2d-8.614623285079741!3d41.18210381665978!2m3!1f0!2f0!3f0!3m2!1i1024!2i768!4f13.1!3m3!1m2!1s0xd2464344fa2c6c9%3A0x5cddfc4c73da9c0!2sR.+Armando+Cardoso%2C+Porto!5e0!3m2!1spt-PT!2spt!4v1563826936746!5m2!1spt-PT!2spt\" width=\"800\" height=\"450\" frameborder=\"0\" style=\"border:0\" allowfullscreen=\"\"><\/iframe>\n\n\n\n<p>\u00a1Descubre\nporqu\u00e9 esta es la primera opci\u00f3n de los estudiantes Erasmus cuando buscan por\nhabitaciones para estudiantes en Oporto!<\/p>\n\n\n\n<p><strong>Para reservar una habitaci\u00f3n para tu programa\nErasmus y ser parte de la magia en esta casa, llena nuestro formulario de\ncontacto por favor.<\/strong><\/p>\n\n\n\n<p>Tambi\u00e9n, cerca de las universidades\nprincipales en Oporto tendr\u00e1s las habitaciones para estudiantes en Oporto en el\ndepartamento 2th Floor, visita&nbsp; <a href=\"http:\/\/www.studentroomsporto.com\/student-rooms-in-porto\/\">www.StudentRoomsPorto.com<\/a><\/p>\n","protected":false},"excerpt":{"rendered":"<p>\u00a1Reserva tu habitaci\u00f3n ya!&#8230; \u00a1Disfruta tu experiencia Erasmus en Oporto! Nazdrowia Erasmus Rooms Porto Habitaciones Nazdrowia para Erasmus en Oporto Est\u00e1 localizado cerca de las principales universidades en Oporto con una red de transportes excelente en la misma \u00e1rea. Ve m\u00e1s detalles sobre Habitaciones Erasmus Nazdrowia en Oporto (clic aqu\u00ed). \u00a1Descubre porqu\u00e9 esta es la&hellip; <a class=\"more-link\" href=\"https:\/\/www.erasmusroomsporto.com\/espanol\/ubicacion\/\">Seguir leyendo <span class=\"screen-reader-text\">Ubicaci\u00f3n<\/span><\/a><\/p>\n","protected":false},"author":1,"featured_media":0,"parent":0,"menu_order":0,"comment_status":"closed","ping_status":"closed","template":"","meta":{"footnotes":""},"class_list":["post-15","page","type-page","status-publish","hentry","entry"],"yoast_head":"<!-- This site is optimized with the Yoast SEO plugin v27.4 - https:\/\/yoast.com\/product\/yoast-seo-wordpress\/ -->\n<title>Ubicaci\u00f3n - Habitaciones Erasmus Oporto<\/title>\n<meta name=\"robots\" content=\"index, follow, max-snippet:-1, max-image-preview:large, max-video-preview:-1\" \/>\n<link rel=\"canonical\" href=\"https:\/\/www.erasmusroomsporto.com\/espanol\/ubicacion\/\" \/>\n<meta property=\"og:locale\" content=\"es_ES\" \/>\n<meta property=\"og:type\" content=\"article\" \/>\n<meta property=\"og:title\" content=\"Ubicaci\u00f3n - Habitaciones Erasmus Oporto\" \/>\n<meta property=\"og:description\" content=\"\u00a1Reserva tu habitaci\u00f3n ya!&#8230; \u00a1Disfruta tu experiencia Erasmus en Oporto! Nazdrowia Erasmus Rooms Porto Habitaciones Nazdrowia para Erasmus en Oporto Est\u00e1 localizado cerca de las principales universidades en Oporto con una red de transportes excelente en la misma \u00e1rea. Ve m\u00e1s detalles sobre Habitaciones Erasmus Nazdrowia en Oporto (clic aqu\u00ed). \u00a1Descubre porqu\u00e9 esta es la&hellip; Seguir leyendo Ubicaci\u00f3n\" \/>\n<meta property=\"og:url\" content=\"https:\/\/www.erasmusroomsporto.com\/espanol\/ubicacion\/\" \/>\n<meta property=\"og:site_name\" content=\"Habitaciones Erasmus Oporto\" \/>\n<meta property=\"article:publisher\" content=\"https:\/\/www.facebook.com\/Nazdrowiayourerasmusroomsporto\" \/>\n<meta property=\"article:modified_time\" content=\"2019-07-22T20:26:40+00:00\" \/>\n<meta name=\"twitter:card\" content=\"summary_large_image\" \/>\n<meta name=\"twitter:label1\" content=\"Tiempo de lectura\" \/>\n\t<meta name=\"twitter:data1\" content=\"1 minuto\" \/>\n<script type=\"application\/ld+json\" class=\"yoast-schema-graph\">{\"@context\":\"https:\\\/\\\/schema.org\",\"@graph\":[{\"@type\":\"WebPage\",\"@id\":\"https:\\\/\\\/www.erasmusroomsporto.com\\\/espanol\\\/ubicacion\\\/\",\"url\":\"https:\\\/\\\/www.erasmusroomsporto.com\\\/espanol\\\/ubicacion\\\/\",\"name\":\"Ubicaci\u00f3n - Habitaciones Erasmus Oporto\",\"isPartOf\":{\"@id\":\"https:\\\/\\\/www.erasmusroomsporto.com\\\/espanol\\\/#website\"},\"datePublished\":\"2019-07-13T22:10:29+00:00\",\"dateModified\":\"2019-07-22T20:26:40+00:00\",\"inLanguage\":\"es\",\"potentialAction\":[{\"@type\":\"ReadAction\",\"target\":[\"https:\\\/\\\/www.erasmusroomsporto.com\\\/espanol\\\/ubicacion\\\/\"]}]},{\"@type\":\"WebSite\",\"@id\":\"https:\\\/\\\/www.erasmusroomsporto.com\\\/espanol\\\/#website\",\"url\":\"https:\\\/\\\/www.erasmusroomsporto.com\\\/espanol\\\/\",\"name\":\"Habitaciones Erasmus Oporto\",\"description\":\"Tu quarto de estudiante favorito en Oporto\",\"publisher\":{\"@id\":\"https:\\\/\\\/www.erasmusroomsporto.com\\\/espanol\\\/#organization\"},\"potentialAction\":[{\"@type\":\"SearchAction\",\"target\":{\"@type\":\"EntryPoint\",\"urlTemplate\":\"https:\\\/\\\/www.erasmusroomsporto.com\\\/espanol\\\/?s={search_term_string}\"},\"query-input\":{\"@type\":\"PropertyValueSpecification\",\"valueRequired\":true,\"valueName\":\"search_term_string\"}}],\"inLanguage\":\"es\"},{\"@type\":\"Organization\",\"@id\":\"https:\\\/\\\/www.erasmusroomsporto.com\\\/espanol\\\/#organization\",\"name\":\"Habitaciones Erasmus Oporto\",\"url\":\"https:\\\/\\\/www.erasmusroomsporto.com\\\/espanol\\\/\",\"logo\":{\"@type\":\"ImageObject\",\"inLanguage\":\"es\",\"@id\":\"https:\\\/\\\/www.erasmusroomsporto.com\\\/espanol\\\/#\\\/schema\\\/logo\\\/image\\\/\",\"url\":\"https:\\\/\\\/i0.wp.com\\\/www.erasmusroomsporto.com\\\/espanol\\\/wp-content\\\/uploads\\\/sites\\\/3\\\/2022\\\/12\\\/erasmus-rooms-porto.jpg?fit=260%2C260&ssl=1\",\"contentUrl\":\"https:\\\/\\\/i0.wp.com\\\/www.erasmusroomsporto.com\\\/espanol\\\/wp-content\\\/uploads\\\/sites\\\/3\\\/2022\\\/12\\\/erasmus-rooms-porto.jpg?fit=260%2C260&ssl=1\",\"width\":260,\"height\":260,\"caption\":\"Habitaciones Erasmus Oporto\"},\"image\":{\"@id\":\"https:\\\/\\\/www.erasmusroomsporto.com\\\/espanol\\\/#\\\/schema\\\/logo\\\/image\\\/\"},\"sameAs\":[\"https:\\\/\\\/www.facebook.com\\\/Nazdrowiayourerasmusroomsporto\"]}]}<\/script>\n<!-- \/ Yoast SEO plugin. -->","yoast_head_json":{"title":"Ubicaci\u00f3n - Habitaciones Erasmus Oporto","robots":{"index":"index","follow":"follow","max-snippet":"max-snippet:-1","max-image-preview":"max-image-preview:large","max-video-preview":"max-video-preview:-1"},"canonical":"https:\/\/www.erasmusroomsporto.com\/espanol\/ubicacion\/","og_locale":"es_ES","og_type":"article","og_title":"Ubicaci\u00f3n - Habitaciones Erasmus Oporto","og_description":"\u00a1Reserva tu habitaci\u00f3n ya!&#8230; \u00a1Disfruta tu experiencia Erasmus en Oporto! Nazdrowia Erasmus Rooms Porto Habitaciones Nazdrowia para Erasmus en Oporto Est\u00e1 localizado cerca de las principales universidades en Oporto con una red de transportes excelente en la misma \u00e1rea. Ve m\u00e1s detalles sobre Habitaciones Erasmus Nazdrowia en Oporto (clic aqu\u00ed). \u00a1Descubre porqu\u00e9 esta es la&hellip; Seguir leyendo Ubicaci\u00f3n","og_url":"https:\/\/www.erasmusroomsporto.com\/espanol\/ubicacion\/","og_site_name":"Habitaciones Erasmus Oporto","article_publisher":"https:\/\/www.facebook.com\/Nazdrowiayourerasmusroomsporto","article_modified_time":"2019-07-22T20:26:40+00:00","twitter_card":"summary_large_image","twitter_misc":{"Tiempo de lectura":"1 minuto"},"schema":{"@context":"https:\/\/schema.org","@graph":[{"@type":"WebPage","@id":"https:\/\/www.erasmusroomsporto.com\/espanol\/ubicacion\/","url":"https:\/\/www.erasmusroomsporto.com\/espanol\/ubicacion\/","name":"Ubicaci\u00f3n - Habitaciones Erasmus Oporto","isPartOf":{"@id":"https:\/\/www.erasmusroomsporto.com\/espanol\/#website"},"datePublished":"2019-07-13T22:10:29+00:00","dateModified":"2019-07-22T20:26:40+00:00","inLanguage":"es","potentialAction":[{"@type":"ReadAction","target":["https:\/\/www.erasmusroomsporto.com\/espanol\/ubicacion\/"]}]},{"@type":"WebSite","@id":"https:\/\/www.erasmusroomsporto.com\/espanol\/#website","url":"https:\/\/www.erasmusroomsporto.com\/espanol\/","name":"Habitaciones Erasmus Oporto","description":"Tu quarto de estudiante favorito en Oporto","publisher":{"@id":"https:\/\/www.erasmusroomsporto.com\/espanol\/#organization"},"potentialAction":[{"@type":"SearchAction","target":{"@type":"EntryPoint","urlTemplate":"https:\/\/www.erasmusroomsporto.com\/espanol\/?s={search_term_string}"},"query-input":{"@type":"PropertyValueSpecification","valueRequired":true,"valueName":"search_term_string"}}],"inLanguage":"es"},{"@type":"Organization","@id":"https:\/\/www.erasmusroomsporto.com\/espanol\/#organization","name":"Habitaciones Erasmus Oporto","url":"https:\/\/www.erasmusroomsporto.com\/espanol\/","logo":{"@type":"ImageObject","inLanguage":"es","@id":"https:\/\/www.erasmusroomsporto.com\/espanol\/#\/schema\/logo\/image\/","url":"https:\/\/i0.wp.com\/www.erasmusroomsporto.com\/espanol\/wp-content\/uploads\/sites\/3\/2022\/12\/erasmus-rooms-porto.jpg?fit=260%2C260&ssl=1","contentUrl":"https:\/\/i0.wp.com\/www.erasmusroomsporto.com\/espanol\/wp-content\/uploads\/sites\/3\/2022\/12\/erasmus-rooms-porto.jpg?fit=260%2C260&ssl=1","width":260,"height":260,"caption":"Habitaciones Erasmus Oporto"},"image":{"@id":"https:\/\/www.erasmusroomsporto.com\/espanol\/#\/schema\/logo\/image\/"},"sameAs":["https:\/\/www.facebook.com\/Nazdrowiayourerasmusroomsporto"]}]}},"jetpack-related-posts":[],"jetpack_sharing_enabled":true,"_links":{"self":[{"href":"https:\/\/www.erasmusroomsporto.com\/espanol\/wp-json\/wp\/v2\/pages\/15","targetHints":{"allow":["GET"]}}],"collection":[{"href":"https:\/\/www.erasmusroomsporto.com\/espanol\/wp-json\/wp\/v2\/pages"}],"about":[{"href":"https:\/\/www.erasmusroomsporto.com\/espanol\/wp-json\/wp\/v2\/types\/page"}],"author":[{"embeddable":true,"href":"https:\/\/www.erasmusroomsporto.com\/espanol\/wp-json\/wp\/v2\/users\/1"}],"replies":[{"embeddable":true,"href":"https:\/\/www.erasmusroomsporto.com\/espanol\/wp-json\/wp\/v2\/comments?post=15"}],"version-history":[{"count":0,"href":"https:\/\/www.erasmusroomsporto.com\/espanol\/wp-json\/wp\/v2\/pages\/15\/revisions"}],"wp:attachment":[{"href":"https:\/\/www.erasmusroomsporto.com\/espanol\/wp-json\/wp\/v2\/media?parent=15"}],"curies":[{"name":"wp","href":"https:\/\/api.w.org\/{rel}","templated":true}]}}